{"id":39,"date":"2020-03-01T15:57:01","date_gmt":"2020-03-01T14:57:01","guid":{"rendered":"https:\/\/dentexpress.fr\/?page_id=39"},"modified":"2020-03-01T15:57:01","modified_gmt":"2020-03-01T14:57:01","slug":"nous-contacter","status":"publish","type":"page","link":"https:\/\/www.dentexpress.fr\/index.php\/nous-contacter\/","title":{"rendered":"Nous contacter"},"content":{"rendered":"\n<p class=\"has-normal-font-size\"><strong>Laboratoire DENTEXPRESS <\/strong>13 bis avenue Eug\u00e8ne Varlin 77270 VILLEPARISIS T\u00e9l\u00e9phone : 06 27 17 65 11  \/ Mail : dentexpress77@gmail.com<\/p>\n\n\n\n<div class=\"wp-block-jetpack-map\" data-map-style=\"default\" data-map-details=\"true\" data-points=\"[{&quot;placeTitle&quot;:&quot;Avenue Eug\u00e8ne Varlin&quot;,&quot;title&quot;:&quot;Avenue Eug\u00e8ne Varlin&quot;,&quot;caption&quot;:&quot;Avenue Eug\u00e8ne Varlin, 77270 Villeparisis, France&quot;,&quot;id&quot;:&quot;address.343467775&quot;,&quot;coordinates&quot;:{&quot;longitude&quot;:2.598825,&quot;latitude&quot;:48.944877}}]\" data-zoom=\"16.35516273995246\" data-map-center=\"{&quot;lng&quot;:2.598825,&quot;lat&quot;:48.944877}\" data-marker-color=\"#1982d1\" data-show-fullscreen-button=\"true\"><ul><li><a href=\"https:\/\/www.google.com\/maps\/search\/?api=1&amp;query=48.944877,2.598825\">Avenue Eug\u00e8ne Varlin<\/a><\/li><\/ul><\/div>\n\n\n\n<p class=\"has-text-align-center has-black-color has-text-color\" style=\"font-size:25px\">Livraison Express<\/p>\n\n\n\n<p class=\"has-normal-font-size\"><strong>Le laboratoire DentExpress <\/strong>s&rsquo;engage \u00e0 r\u00e9cup\u00e9rer, traiter et livrer toutes les r\u00e9parations dans un d\u00e9lai maximum de 24h (sauf pour les cas particuliers)<\/p>\n\n\n\n<p class=\"has-normal-font-size\">Nous intervenons sur l&rsquo;ensemble des d\u00e9partements de la petite couronne dans un rayon de 15km autour de Villeparisis (77).<\/p>\n","protected":false},"excerpt":{"rendered":"<p>Laboratoire DENTEXPRESS 13 bis avenue Eug\u00e8ne Varlin 77270 VILLEPARISIS T\u00e9l\u00e9phone : 06 27 17 65 11 \/ Mail : dentexpress77@gmail.com Livraison Express Le laboratoire DentExpress s&rsquo;engage \u00e0 r\u00e9cup\u00e9rer, traiter et livrer toutes les r\u00e9parations dans un d\u00e9lai maximum de 24h &hellip; <a href=\"https:\/\/www.dentexpress.fr\/index.php\/nous-contacter\/\">Continuer la lecture <span class=\"meta-nav\">&rarr;<\/span><\/a><\/p>\n","protected":false},"author":2,"featured_media":0,"parent":0,"menu_order":0,"comment_status":"closed","ping_status":"closed","template":"","meta":{"footnotes":""},"class_list":["post-39","page","type-page","status-publish","hentry"],"_links":{"self":[{"href":"https:\/\/www.dentexpress.fr\/index.php\/wp-json\/wp\/v2\/pages\/39","targetHints":{"allow":["GET"]}}],"collection":[{"href":"https:\/\/www.dentexpress.fr\/index.php\/wp-json\/wp\/v2\/pages"}],"about":[{"href":"https:\/\/www.dentexpress.fr\/index.php\/wp-json\/wp\/v2\/types\/page"}],"author":[{"embeddable":true,"href":"https:\/\/www.dentexpress.fr\/index.php\/wp-json\/wp\/v2\/users\/2"}],"replies":[{"embeddable":true,"href":"https:\/\/www.dentexpress.fr\/index.php\/wp-json\/wp\/v2\/comments?post=39"}],"version-history":[{"count":0,"href":"https:\/\/www.dentexpress.fr\/index.php\/wp-json\/wp\/v2\/pages\/39\/revisions"}],"wp:attachment":[{"href":"https:\/\/www.dentexpress.fr\/index.php\/wp-json\/wp\/v2\/media?parent=39"}],"curies":[{"name":"wp","href":"https:\/\/api.w.org\/{rel}","templated":true}]}}