{"id":224,"date":"2020-04-29T15:36:41","date_gmt":"2020-04-29T14:36:41","guid":{"rendered":"https:\/\/dentexpress.fr\/?page_id=224"},"modified":"2020-04-29T15:36:41","modified_gmt":"2020-04-29T14:36:41","slug":"valplast-et-flexite","status":"publish","type":"page","link":"https:\/\/www.dentexpress.fr\/index.php\/valplast-et-flexite\/","title":{"rendered":"Valplast\u00ae et Flexite\u00ae"},"content":{"rendered":"\n<p><strong>Le Valplast\u00ae ou le Flexite\u00ae <\/strong>sont des r\u00e9sines \u00e0 base d&rsquo;un nylon thermoplastique qui permet la fabrication de proth\u00e8ses dentaires. Une alternative du bridge ou des implants sans m\u00e9tal ni crochets apparents.<\/p>\n\n\n\n<p>Ce sont des produits de qualit\u00e9 qui pr\u00e9sentent un bel avantage esth\u00e9tique. Ils sont compos\u00e9s d&rsquo;un mat\u00e9riau l\u00e9ger, flexible, translucide donc quasi-invisible et incassable. <\/p>\n\n\n\n<p class=\"has-text-align-center\" style=\"font-size:18px\"><strong>Pour connaitre nos tarifs, contactez-nous au 06 27 17 65 11 ou par mail \u00e0 dentexpress77@gmail.com<\/strong><\/p>\n\n\n\n<div class=\"wp-block-jetpack-slideshow aligncenter\" data-effect=\"slide\"><div class=\"wp-block-jetpack-slideshow_container swiper-container\"><ul class=\"wp-block-jetpack-slideshow_swiper-wrapper swiper-wrapper\"><li class=\"wp-block-jetpack-slideshow_slide swiper-slide\"><figure><img decoding=\"async\" alt=\"\" class=\"wp-block-jetpack-slideshow_image wp-image-211\" data-id=\"211\" src=\"http:\/\/dentexpress.alwaysdata.net\/wp-content\/uploads\/2020\/03\/adobestock_330314739.jpeg?w=1024\"\/><\/figure><\/li><li class=\"wp-block-jetpack-slideshow_slide swiper-slide\"><figure><img decoding=\"async\" alt=\"\" class=\"wp-block-jetpack-slideshow_image wp-image-366\" data-id=\"366\" src=\"http:\/\/dentexpress.alwaysdata.net\/wp-content\/uploads\/2020\/05\/adobestock_201092416.jpeg?w=1024\"\/><\/figure><\/li><li class=\"wp-block-jetpack-slideshow_slide swiper-slide\"><figure><img decoding=\"async\" alt=\"\" class=\"wp-block-jetpack-slideshow_image wp-image-367\" data-id=\"367\" src=\"http:\/\/dentexpress.alwaysdata.net\/wp-content\/uploads\/2020\/05\/adobestock_263412230.jpeg?w=1024\"\/><\/figure><\/li><\/ul><a class=\"wp-block-jetpack-slideshow_button-prev swiper-button-prev swiper-button-white\" role=\"button\"><\/a><a class=\"wp-block-jetpack-slideshow_button-next swiper-button-next swiper-button-white\" role=\"button\"><\/a><a aria-label=\"Pause Slideshow\" class=\"wp-block-jetpack-slideshow_button-pause\" role=\"button\"><\/a><div class=\"wp-block-jetpack-slideshow_pagination swiper-pagination swiper-pagination-white\"><\/div><\/div><\/div>\n","protected":false},"excerpt":{"rendered":"<p>Le Valplast\u00ae ou le Flexite\u00ae sont des r\u00e9sines \u00e0 base d&rsquo;un nylon thermoplastique qui permet la fabrication de proth\u00e8ses dentaires. Une alternative du bridge ou des implants sans m\u00e9tal ni crochets apparents. Ce sont des produits de qualit\u00e9 qui pr\u00e9sentent &hellip; <a href=\"https:\/\/www.dentexpress.fr\/index.php\/valplast-et-flexite\/\">Continuer la lecture <span class=\"meta-nav\">&rarr;<\/span><\/a><\/p>\n","protected":false},"author":2,"featured_media":265,"parent":0,"menu_order":0,"comment_status":"closed","ping_status":"closed","template":"","meta":{"footnotes":""},"class_list":["post-224","page","type-page","status-publish","has-post-thumbnail","hentry"],"_links":{"self":[{"href":"https:\/\/www.dentexpress.fr\/index.php\/wp-json\/wp\/v2\/pages\/224","targetHints":{"allow":["GET"]}}],"collection":[{"href":"https:\/\/www.dentexpress.fr\/index.php\/wp-json\/wp\/v2\/pages"}],"about":[{"href":"https:\/\/www.dentexpress.fr\/index.php\/wp-json\/wp\/v2\/types\/page"}],"author":[{"embeddable":true,"href":"https:\/\/www.dentexpress.fr\/index.php\/wp-json\/wp\/v2\/users\/2"}],"replies":[{"embeddable":true,"href":"https:\/\/www.dentexpress.fr\/index.php\/wp-json\/wp\/v2\/comments?post=224"}],"version-history":[{"count":0,"href":"https:\/\/www.dentexpress.fr\/index.php\/wp-json\/wp\/v2\/pages\/224\/revisions"}],"wp:featuredmedia":[{"embeddable":true,"href":"https:\/\/www.dentexpress.fr\/index.php\/wp-json\/wp\/v2\/media\/265"}],"wp:attachment":[{"href":"https:\/\/www.dentexpress.fr\/index.php\/wp-json\/wp\/v2\/media?parent=224"}],"curies":[{"name":"wp","href":"https:\/\/api.w.org\/{rel}","templated":true}]}}