{"id":222,"date":"2020-04-29T15:36:39","date_gmt":"2020-04-29T14:36:39","guid":{"rendered":"https:\/\/dentexpress.fr\/?page_id=222"},"modified":"2020-04-29T15:36:39","modified_gmt":"2020-04-29T14:36:39","slug":"les-partiels-et-complets-en-resine","status":"publish","type":"page","link":"https:\/\/www.dentexpress.fr\/index.php\/les-partiels-et-complets-en-resine\/","title":{"rendered":"Les partiels et complets en r\u00e9sine"},"content":{"rendered":"\n<p class=\"has-normal-font-size\"><strong>La proth\u00e8se dentaire amovible<\/strong> fait partie des proth\u00e8ses dentaires adjointes. Elle vient remplacer une ou plusieurs dents absentes voire toutes les dents en cas d&rsquo;ag\u00e9n\u00e9sie compl\u00e8te. <\/p>\n\n\n\n<p class=\"has-normal-font-size\">On distingue donc deux sortes de proth\u00e8ses dentaires amovibles : <strong>les partiels et les complets. <\/strong>Elles sont r\u00e9alis\u00e9es en r\u00e9sine hypoallerg\u00e9nique et garanties sans changement de teinte.<\/p>\n\n\n\n<p class=\"has-text-align-center\" style=\"font-size:18px\"><strong>Pour connaitre nos tarifs, contactez-nous au 06 27 17 65 11 ou par mail \u00e0 dentexpress77@gmail.com<\/strong><\/p>\n\n\n\n<div class=\"wp-block-jetpack-slideshow aligncenter\" data-effect=\"slide\"><div class=\"wp-block-jetpack-slideshow_container swiper-container\"><ul class=\"wp-block-jetpack-slideshow_swiper-wrapper swiper-wrapper\"><li class=\"wp-block-jetpack-slideshow_slide swiper-slide\"><figure><img loading=\"lazy\" decoding=\"async\" width=\"1688\" height=\"1125\" alt=\"\" class=\"wp-block-jetpack-slideshow_image wp-image-247\" data-id=\"247\" src=\"http:\/\/dentexpress.alwaysdata.net\/wp-content\/uploads\/2020\/04\/fotolia_50532313_m-1.jpg\" srcset=\"https:\/\/www.dentexpress.fr\/wp-content\/uploads\/2020\/04\/fotolia_50532313_m-1.jpg 1688w, https:\/\/www.dentexpress.fr\/wp-content\/uploads\/2020\/04\/fotolia_50532313_m-1-300x200.jpg 300w, https:\/\/www.dentexpress.fr\/wp-content\/uploads\/2020\/04\/fotolia_50532313_m-1-1024x682.jpg 1024w, https:\/\/www.dentexpress.fr\/wp-content\/uploads\/2020\/04\/fotolia_50532313_m-1-768x512.jpg 768w, https:\/\/www.dentexpress.fr\/wp-content\/uploads\/2020\/04\/fotolia_50532313_m-1-1536x1024.jpg 1536w\" sizes=\"auto, (max-width: 1688px) 100vw, 1688px\" \/><\/figure><\/li><li class=\"wp-block-jetpack-slideshow_slide swiper-slide\"><figure><img decoding=\"async\" alt=\"\" class=\"wp-block-jetpack-slideshow_image wp-image-248\" data-id=\"248\" src=\"http:\/\/dentexpress.alwaysdata.net\/wp-content\/uploads\/2020\/04\/dent4.jpg\"\/><\/figure><\/li><li class=\"wp-block-jetpack-slideshow_slide swiper-slide\"><figure><img decoding=\"async\" alt=\"\" class=\"wp-block-jetpack-slideshow_image wp-image-264\" data-id=\"264\" src=\"http:\/\/dentexpress.alwaysdata.net\/wp-content\/uploads\/2020\/04\/adobestock_230930005-1.jpeg\"\/><\/figure><\/li><li class=\"wp-block-jetpack-slideshow_slide swiper-slide\"><figure><img decoding=\"async\" alt=\"\" class=\"wp-block-jetpack-slideshow_image wp-image-263\" data-id=\"263\" src=\"http:\/\/dentexpress.alwaysdata.net\/wp-content\/uploads\/2020\/04\/adobestock_230928210-1.jpeg\"\/><\/figure><\/li><\/ul><a class=\"wp-block-jetpack-slideshow_button-prev swiper-button-prev swiper-button-white\" role=\"button\"><\/a><a class=\"wp-block-jetpack-slideshow_button-next swiper-button-next swiper-button-white\" role=\"button\"><\/a><a aria-label=\"Pause Slideshow\" class=\"wp-block-jetpack-slideshow_button-pause\" role=\"button\"><\/a><div class=\"wp-block-jetpack-slideshow_pagination swiper-pagination swiper-pagination-white\"><\/div><\/div><\/div>\n","protected":false},"excerpt":{"rendered":"<p>La proth\u00e8se dentaire amovible fait partie des proth\u00e8ses dentaires adjointes. Elle vient remplacer une ou plusieurs dents absentes voire toutes les dents en cas d&rsquo;ag\u00e9n\u00e9sie compl\u00e8te. On distingue donc deux sortes de proth\u00e8ses dentaires amovibles : les partiels et les &hellip; <a href=\"https:\/\/www.dentexpress.fr\/index.php\/les-partiels-et-complets-en-resine\/\">Continuer la lecture <span class=\"meta-nav\">&rarr;<\/span><\/a><\/p>\n","protected":false},"author":2,"featured_media":251,"parent":0,"menu_order":0,"comment_status":"closed","ping_status":"closed","template":"","meta":{"footnotes":""},"class_list":["post-222","page","type-page","status-publish","has-post-thumbnail","hentry"],"_links":{"self":[{"href":"https:\/\/www.dentexpress.fr\/index.php\/wp-json\/wp\/v2\/pages\/222","targetHints":{"allow":["GET"]}}],"collection":[{"href":"https:\/\/www.dentexpress.fr\/index.php\/wp-json\/wp\/v2\/pages"}],"about":[{"href":"https:\/\/www.dentexpress.fr\/index.php\/wp-json\/wp\/v2\/types\/page"}],"author":[{"embeddable":true,"href":"https:\/\/www.dentexpress.fr\/index.php\/wp-json\/wp\/v2\/users\/2"}],"replies":[{"embeddable":true,"href":"https:\/\/www.dentexpress.fr\/index.php\/wp-json\/wp\/v2\/comments?post=222"}],"version-history":[{"count":0,"href":"https:\/\/www.dentexpress.fr\/index.php\/wp-json\/wp\/v2\/pages\/222\/revisions"}],"wp:featuredmedia":[{"embeddable":true,"href":"https:\/\/www.dentexpress.fr\/index.php\/wp-json\/wp\/v2\/media\/251"}],"wp:attachment":[{"href":"https:\/\/www.dentexpress.fr\/index.php\/wp-json\/wp\/v2\/media?parent=222"}],"curies":[{"name":"wp","href":"https:\/\/api.w.org\/{rel}","templated":true}]}}