{"id":191,"date":"2020-03-29T12:21:59","date_gmt":"2020-03-29T11:21:59","guid":{"rendered":"https:\/\/dentexpress.fr\/?page_id=191"},"modified":"2020-03-29T12:21:59","modified_gmt":"2020-03-29T11:21:59","slug":"les-stellites","status":"publish","type":"page","link":"https:\/\/www.dentexpress.fr\/index.php\/qui-sommes-nous\/les-stellites\/","title":{"rendered":"Les stellites"},"content":{"rendered":"\n<p class=\"has-normal-font-size\"><strong>Le stellite<\/strong> est une architecture de m\u00e9tal (chrome et cobalt en majorit\u00e9) qui offre l&rsquo;avantage de bien s&rsquo;accrocher aux dents restantes tout en les stabilisant. Il a un impact important sur la langue, en lui laissant de la place et en r\u00e9duisant les g\u00e8nes phon\u00e9tiques par rapport \u00e0 l&rsquo;appareil r\u00e9sine.<\/p>\n\n\n\n<p class=\"has-normal-font-size\"><strong>La solidit\u00e9<\/strong> sans comparaison avec la r\u00e9sine, la r\u00e9sistance du m\u00e9tal offre l&rsquo;avantage au proth\u00e9siste de le r\u00e9aliser avec finesse.<\/p>\n\n\n\n<p class=\"has-text-align-center\" style=\"font-size:18px\"><strong>Pour connaitre nos tarifs, contactez-nous au 06 27 17 65 11 ou par mail \u00e0 dentexpress77@gmail.com<\/strong><\/p>\n\n\n\n<div class=\"wp-block-jetpack-slideshow aligncenter\" data-effect=\"slide\"><div class=\"wp-block-jetpack-slideshow_container swiper-container\"><ul class=\"wp-block-jetpack-slideshow_swiper-wrapper swiper-wrapper\"><li class=\"wp-block-jetpack-slideshow_slide swiper-slide\"><figure><img loading=\"lazy\" decoding=\"async\" width=\"1575\" height=\"1206\" alt=\"\" class=\"wp-block-jetpack-slideshow_image wp-image-155\" data-id=\"155\" src=\"http:\/\/dentexpress.alwaysdata.net\/wp-content\/uploads\/2020\/03\/fotolia_115128628_m-1.jpg\" srcset=\"https:\/\/www.dentexpress.fr\/wp-content\/uploads\/2020\/03\/fotolia_115128628_m-1.jpg 1575w, https:\/\/www.dentexpress.fr\/wp-content\/uploads\/2020\/03\/fotolia_115128628_m-1-300x230.jpg 300w, https:\/\/www.dentexpress.fr\/wp-content\/uploads\/2020\/03\/fotolia_115128628_m-1-1024x784.jpg 1024w, https:\/\/www.dentexpress.fr\/wp-content\/uploads\/2020\/03\/fotolia_115128628_m-1-768x588.jpg 768w, https:\/\/www.dentexpress.fr\/wp-content\/uploads\/2020\/03\/fotolia_115128628_m-1-1536x1176.jpg 1536w\" sizes=\"auto, (max-width: 1575px) 100vw, 1575px\" \/><\/figure><\/li><li class=\"wp-block-jetpack-slideshow_slide swiper-slide\"><figure><img decoding=\"async\" alt=\"\" class=\"wp-block-jetpack-slideshow_image wp-image-215\" data-id=\"215\" src=\"http:\/\/dentexpress.alwaysdata.net\/wp-content\/uploads\/2020\/03\/dent5-1.jpg\"\/><\/figure><\/li><li class=\"wp-block-jetpack-slideshow_slide swiper-slide\"><figure><img decoding=\"async\" alt=\"\" class=\"wp-block-jetpack-slideshow_image wp-image-219\" data-id=\"219\" src=\"http:\/\/dentexpress.alwaysdata.net\/wp-content\/uploads\/2020\/03\/adobestock_195630090.jpeg\"\/><\/figure><\/li><li class=\"wp-block-jetpack-slideshow_slide swiper-slide\"><figure><img loading=\"lazy\" decoding=\"async\" width=\"1678\" height=\"1132\" alt=\"\" class=\"wp-block-jetpack-slideshow_image wp-image-220\" data-id=\"220\" src=\"http:\/\/dentexpress.alwaysdata.net\/wp-content\/uploads\/2020\/03\/fotolia_33685359_m-3.jpg\" srcset=\"https:\/\/www.dentexpress.fr\/wp-content\/uploads\/2020\/03\/fotolia_33685359_m-3.jpg 1678w, https:\/\/www.dentexpress.fr\/wp-content\/uploads\/2020\/03\/fotolia_33685359_m-3-300x202.jpg 300w, https:\/\/www.dentexpress.fr\/wp-content\/uploads\/2020\/03\/fotolia_33685359_m-3-1024x691.jpg 1024w, https:\/\/www.dentexpress.fr\/wp-content\/uploads\/2020\/03\/fotolia_33685359_m-3-768x518.jpg 768w, https:\/\/www.dentexpress.fr\/wp-content\/uploads\/2020\/03\/fotolia_33685359_m-3-1536x1036.jpg 1536w\" sizes=\"auto, (max-width: 1678px) 100vw, 1678px\" \/><\/figure><\/li><\/ul><a class=\"wp-block-jetpack-slideshow_button-prev swiper-button-prev swiper-button-white\" role=\"button\"><\/a><a class=\"wp-block-jetpack-slideshow_button-next swiper-button-next swiper-button-white\" role=\"button\"><\/a><a aria-label=\"Pause Slideshow\" class=\"wp-block-jetpack-slideshow_button-pause\" role=\"button\"><\/a><div class=\"wp-block-jetpack-slideshow_pagination swiper-pagination swiper-pagination-white\"><\/div><\/div><\/div>\n","protected":false},"excerpt":{"rendered":"<p>Le stellite est une architecture de m\u00e9tal (chrome et cobalt en majorit\u00e9) qui offre l&rsquo;avantage de bien s&rsquo;accrocher aux dents restantes tout en les stabilisant. Il a un impact important sur la langue, en lui laissant de la place et &hellip; <a href=\"https:\/\/www.dentexpress.fr\/index.php\/qui-sommes-nous\/les-stellites\/\">Continuer la lecture <span class=\"meta-nav\">&rarr;<\/span><\/a><\/p>\n","protected":false},"author":2,"featured_media":252,"parent":168,"menu_order":1,"comment_status":"closed","ping_status":"closed","template":"","meta":{"footnotes":""},"class_list":["post-191","page","type-page","status-publish","has-post-thumbnail","hentry"],"_links":{"self":[{"href":"https:\/\/www.dentexpress.fr\/index.php\/wp-json\/wp\/v2\/pages\/191","targetHints":{"allow":["GET"]}}],"collection":[{"href":"https:\/\/www.dentexpress.fr\/index.php\/wp-json\/wp\/v2\/pages"}],"about":[{"href":"https:\/\/www.dentexpress.fr\/index.php\/wp-json\/wp\/v2\/types\/page"}],"author":[{"embeddable":true,"href":"https:\/\/www.dentexpress.fr\/index.php\/wp-json\/wp\/v2\/users\/2"}],"replies":[{"embeddable":true,"href":"https:\/\/www.dentexpress.fr\/index.php\/wp-json\/wp\/v2\/comments?post=191"}],"version-history":[{"count":0,"href":"https:\/\/www.dentexpress.fr\/index.php\/wp-json\/wp\/v2\/pages\/191\/revisions"}],"up":[{"embeddable":true,"href":"https:\/\/www.dentexpress.fr\/index.php\/wp-json\/wp\/v2\/pages\/168"}],"wp:featuredmedia":[{"embeddable":true,"href":"https:\/\/www.dentexpress.fr\/index.php\/wp-json\/wp\/v2\/media\/252"}],"wp:attachment":[{"href":"https:\/\/www.dentexpress.fr\/index.php\/wp-json\/wp\/v2\/media?parent=191"}],"curies":[{"name":"wp","href":"https:\/\/api.w.org\/{rel}","templated":true}]}}